{"id":6,"date":"2025-09-24T23:29:29","date_gmt":"2025-09-24T23:29:29","guid":{"rendered":"https:\/\/ometodomani.com\/?page_id=6"},"modified":"2025-09-24T23:43:30","modified_gmt":"2025-09-24T23:43:30","slug":"elementor-6","status":"publish","type":"page","link":"https:\/\/ometodomani.com\/","title":{"rendered":"RVD MANI"},"content":{"rendered":"\t\t<div data-elementor-type=\"wp-post\" data-elementor-id=\"6\" class=\"elementor elementor-6\">\n\t\t\t\t<div class=\"elementor-element elementor-element-1b9c96c e-flex e-con-boxed e-con e-parent\" data-id=\"1b9c96c\" data-element_type=\"container\" data-settings=\"{&quot;background_background&quot;:&quot;gradient&quot;,&quot;position&quot;:&quot;absolute&quot;}\">\n\t\t\t\t\t<div class=\"e-con-inner\">\n\t\t\t\t<div class=\"elementor-element elementor-element-46496eb9 elementor-widget elementor-widget-spacer\" data-id=\"46496eb9\" data-element_type=\"widget\" data-widget_type=\"spacer.default\">\n\t\t\t\t\t\t\t<div class=\"elementor-spacer\">\n\t\t\t<div class=\"elementor-spacer-inner\"><\/div>\n\t\t<\/div>\n\t\t\t\t\t\t<\/div>\n\t\t\t\t<div class=\"elementor-element elementor-element-19a28be1 elementor-widget__width-initial elementor-widget elementor-widget-heading\" data-id=\"19a28be1\" data-element_type=\"widget\" data-widget_type=\"heading.default\">\n\t\t\t\t\t<h2 class=\"elementor-heading-title elementor-size-default\">Ative sua Identidade MANIfestadora e manifeste a vida que voc\u00ea deseja<\/h2>\t\t\t\t<\/div>\n\t\t<div class=\"elementor-element elementor-element-7d40ef18 e-con-full e-flex e-con e-child\" data-id=\"7d40ef18\" data-element_type=\"container\">\n\t\t\t\t<div class=\"elementor-element elementor-element-2c7f1a81 elementor-widget__width-initial elementor-widget elementor-widget-text-editor\" data-id=\"2c7f1a81\" data-element_type=\"widget\" data-widget_type=\"text-editor.default\">\n\t\t\t\t\t\t\t\t\t<p>Um caminho simples e profundo para viver prosperidade, amor e liberdade, de forma leve e sem complica\u00e7\u00e3o.<\/p>\t\t\t\t\t\t\t\t<\/div>\n\t\t\t\t<\/div>\n\t\t<div class=\"elementor-element elementor-element-1c6e4229 e-con-full e-flex e-con e-child\" data-id=\"1c6e4229\" data-element_type=\"container\">\n\t\t\t\t<div class=\"elementor-element elementor-element-512a5ab6 elementor-widget elementor-widget-video\" data-id=\"512a5ab6\" data-element_type=\"widget\" data-settings=\"{&quot;youtube_url&quot;:&quot;https:\\\/\\\/www.youtube.com\\\/watch?v=XHOmBV4js_E&quot;,&quot;video_type&quot;:&quot;youtube&quot;,&quot;controls&quot;:&quot;yes&quot;}\" data-widget_type=\"video.default\">\n\t\t\t\t\t\t\t<div class=\"elementor-wrapper elementor-open-inline\">\n\t\t\t<div class=\"elementor-video\"><\/div>\t\t<\/div>\n\t\t\t\t\t\t<\/div>\n\t\t\t\t<\/div>\n\t\t\t\t\t<\/div>\n\t\t\t\t<\/div>\n\t\t\t\t<\/div>\n\t\t","protected":false},"excerpt":{"rendered":"<p>Ative sua Identidade MANIfestadora e manifeste a vida que voc\u00ea deseja Um caminho simples e profundo para viver prosperidade, amor e liberdade, de forma leve e sem complica\u00e7\u00e3o. https:\/\/www.youtube.com\/watch?v=XHOmBV4js_E<\/p>\n","protected":false},"author":1,"featured_media":0,"parent":0,"menu_order":0,"comment_status":"closed","ping_status":"closed","template":"elementor_canvas","meta":{"footnotes":""},"class_list":["post-6","page","type-page","status-publish","hentry"],"_hostinger_reach_plugin_has_subscription_block":false,"_hostinger_reach_plugin_is_elementor":false,"_links":{"self":[{"href":"https:\/\/ometodomani.com\/index.php?rest_route=\/wp\/v2\/pages\/6","targetHints":{"allow":["GET"]}}],"collection":[{"href":"https:\/\/ometodomani.com\/index.php?rest_route=\/wp\/v2\/pages"}],"about":[{"href":"https:\/\/ometodomani.com\/index.php?rest_route=\/wp\/v2\/types\/page"}],"author":[{"embeddable":true,"href":"https:\/\/ometodomani.com\/index.php?rest_route=\/wp\/v2\/users\/1"}],"replies":[{"embeddable":true,"href":"https:\/\/ometodomani.com\/index.php?rest_route=%2Fwp%2Fv2%2Fcomments&post=6"}],"version-history":[{"count":15,"href":"https:\/\/ometodomani.com\/index.php?rest_route=\/wp\/v2\/pages\/6\/revisions"}],"predecessor-version":[{"id":81,"href":"https:\/\/ometodomani.com\/index.php?rest_route=\/wp\/v2\/pages\/6\/revisions\/81"}],"wp:attachment":[{"href":"https:\/\/ometodomani.com\/index.php?rest_route=%2Fwp%2Fv2%2Fmedia&parent=6"}],"curies":[{"name":"wp","href":"https:\/\/api.w.org\/{rel}","templated":true}]}}